{"id":3453,"date":"2017-11-28T10:51:31","date_gmt":"2017-11-28T09:51:31","guid":{"rendered":"https:\/\/krokodylizoo.cz\/contacts\/"},"modified":"2017-11-28T10:51:31","modified_gmt":"2017-11-28T09:51:31","slug":"contacts","status":"publish","type":"page","link":"https:\/\/krokodylizoo.cz\/en\/contacts\/","title":{"rendered":"Contacts"},"content":{"rendered":"<p><div class=\"fusion-fullwidth fullwidth-box fusion-builder-row-1 hundred-percent-fullwidth non-hundred-percent-height-scrolling\" style=\"--awb-border-radius-top-left:0px;--awb-border-radius-top-right:0px;--awb-border-radius-bottom-right:0px;--awb-border-radius-bottom-left:0px;--awb-padding-top:0px;--awb-padding-right:0px;--awb-padding-bottom:0px;--awb-padding-left:0px;--awb-flex-wrap:wrap;\" ><div class=\"fusion-builder-row fusion-row\"><div class=\"fusion-layout-column fusion_builder_column fusion-builder-column-0 fusion_builder_column_1_1 1_1 fusion-one-full fusion-column-first fusion-column-last\" style=\"--awb-bg-size:cover;--awb-margin-bottom:0px;\"><div class=\"fusion-column-wrapper fusion-flex-column-wrapper-legacy\">\t\t\t\t\t<script type=\"text\/javascript\">\n\t\t\t\t\t\tvar map_fusion_map_69e23cb935b33;\n\t\t\t\t\t\tvar markers = [];\n\t\t\t\t\t\tvar counter = 0;\n\t\t\t\t\t\t\t\t\t\t\t\t\t\t\t\t\t\t\t\tvar fusionMapNonce = 'b01d621ff1';\n\t\t\t\t\t\t\t\t\t\t\t\tfunction fusion_run_map_fusion_map_69e23cb935b33() {\n\t\t\t\t\t\t\tjQuery('#fusion_map_69e23cb935b33').fusion_maps({\n\t\t\t\t\t\t\t\taddresses: [{\"address\":\"Krokod\\u00fdl\\u00ed ZOO Protiv\\u00edn Masarykovo n\\u00e1m. 261 398 11 Protiv\\u00edn\",\"infobox_content\":\"Krokod\\u00fdl\\u00ed ZOO Protiv\\u00edn Masarykovo n\\u00e1m. 261 398 11 Protiv\\u00edn\",\"coordinates\":false,\"cache\":true,\"latitude\":\"49.2003406\",\"longitude\":\"14.217516799999999\"}],\n\t\t\t\t\t\t\t\tanimations: false,\n\t\t\t\t\t\t\t\tinfobox_background_color: '',\n\t\t\t\t\t\t\t\tinfobox_styling: 'default',\n\t\t\t\t\t\t\t\tinfobox_text_color: '',\n\t\t\t\t\t\t\t\tmap_style: 'default',\n\t\t\t\t\t\t\t\tmap_type: 'roadmap',\n\t\t\t\t\t\t\t\tmarker_icon: '',\n\t\t\t\t\t\t\t\toverlay_color: '',\n\t\t\t\t\t\t\t\toverlay_color_hsl: {\"hue\":0,\"sat\":0,\"lum\":100},\n\t\t\t\t\t\t\t\tpan_control: true,\n\t\t\t\t\t\t\t\tshow_address: true,\n\t\t\t\t\t\t\t\tscale_control: true,\n\t\t\t\t\t\t\t\tscrollwheel: false,\n\t\t\t\t\t\t\t\tzoom: 10,\n\t\t\t\t\t\t\t\tzoom_control: true,\n\t\t\t\t\t\t\t});\n\t\t\t\t\t\t}\n\n\t\t\t\t\t\tgoogle.maps.event.addDomListener(window, 'load', fusion_run_map_fusion_map_69e23cb935b33);\n\t\t\t\t\t<\/script>\n\t\t\t\t\t<div class=\"shortcode-map fusion-google-map fusion-maps-js-type\" style=\"--awb-height:370px;\" id=\"fusion_map_69e23cb935b33\"><\/div><div class=\"fusion-clearfix\"><\/div><\/div><\/div><\/div><\/div><div class=\"fusion-fullwidth fullwidth-box fusion-builder-row-2 nonhundred-percent-fullwidth non-hundred-percent-height-scrolling\" style=\"--awb-border-radius-top-left:0px;--awb-border-radius-top-right:0px;--awb-border-radius-bottom-right:0px;--awb-border-radius-bottom-left:0px;--awb-padding-top:50px;--awb-flex-wrap:wrap;\" ><div class=\"fusion-builder-row fusion-row\"><div class=\"fusion-layout-column fusion_builder_column fusion-builder-column-1 fusion_builder_column_1_3 1_3 fusion-one-third fusion-column-first\" style=\"--awb-bg-size:cover;width:33.333333333333%;width:calc(33.333333333333% - ( ( 4% + 4% ) * 0.33333333333333 ) );margin-right: 4%;\"><div class=\"fusion-column-wrapper fusion-flex-column-wrapper-legacy\"><div class=\"fusion-text fusion-text-1\"><h3>Crocodile ZOO Protiv\u00edn<\/h3>\n<p>Masarykovo n\u00e1m. 261<br \/>\n398&nbsp;11 Protiv\u00edn <\/p>\n<\/div><div class=\"fusion-text fusion-text-2\"><p><strong>Coordinates:<\/strong><\/p>\n<p>49\u00b012&#8217;1.141&#8243;N, 14\u00b013&#8217;3.212&#8243;E<\/p>\n<\/div><div class=\"fusion-text fusion-text-3\"><p><strong>Tomistoma Foundation<\/strong><\/p>\n<p>Company ID: 260&nbsp;93&nbsp;413<\/p>\n<\/div><div class=\"fusion-clearfix\"><\/div><\/div><\/div><div class=\"fusion-layout-column fusion_builder_column fusion-builder-column-2 fusion_builder_column_1_3 1_3 fusion-one-third\" style=\"--awb-bg-size:cover;width:33.333333333333%;width:calc(33.333333333333% - ( ( 4% + 4% ) * 0.33333333333333 ) );margin-right: 4%;\"><div class=\"fusion-column-wrapper fusion-flex-column-wrapper-legacy\"><div class=\"fusion-text fusion-text-4\"><h3>ZOO Director:<\/h3>\n<p><em>Ing. Proch\u00e1zka<\/em><br \/>\n<i class=\"fa fa-phone\" aria-hidden=\"true\"><\/i> <a href=\"tel:+420602214246\">+420&nbsp;602&nbsp;214&nbsp;246<\/a><br \/>\n<i class=\"fa fa-envelope\" aria-hidden=\"true\"><\/i> <a href=\"mailto:krokodylizoo@seznam.cz\">krokodylizoo@seznam.cz<\/a><\/p>\n<p>&nbsp;<\/p>\n<\/div><div class=\"fusion-clearfix\"><\/div><\/div><\/div><div class=\"fusion-layout-column fusion_builder_column fusion-builder-column-3 fusion_builder_column_1_3 1_3 fusion-one-third fusion-column-last\" style=\"--awb-bg-size:cover;width:33.333333333333%;width:calc(33.333333333333% - ( ( 4% + 4% ) * 0.33333333333333 ) );\"><div class=\"fusion-column-wrapper fusion-flex-column-wrapper-legacy\"><div class=\"fusion-text fusion-text-5\"><h3>ZOO Ticket Office:<\/h3>\n<p><i class=\"fa fa-phone\" aria-hidden=\"true\"><\/i> <a href=\"tel:+420725155648\">+420&nbsp;725&nbsp;155&nbsp;648<\/a><\/p>\n<\/div><div class=\"fusion-text fusion-text-6\"><p><strong>For school trip and group tour bookings and information:<\/strong><\/p>\n<p><i class=\"fa fa-phone\" aria-hidden=\"true\"><\/i> <a href=\"tel:+420722940080\">+420&nbsp;722&nbsp;940&nbsp;080<\/a><br \/>\n<i class=\"fa fa-envelope\" aria-hidden=\"true\"><\/i> <a href=\"mailto:t.dostalova@krokodylizoo.cz\">info@krokodylizoo.cz<\/a><\/p>\n<\/div><div class=\"fusion-clearfix\"><\/div><\/div><\/div><\/div><\/div><div class=\"fusion-fullwidth fullwidth-box fusion-builder-row-3 cernus nonhundred-percent-fullwidth non-hundred-percent-height-scrolling\" style=\"--awb-border-radius-top-left:0px;--awb-border-radius-top-right:0px;--awb-border-radius-bottom-right:0px;--awb-border-radius-bottom-left:0px;--awb-padding-top:50px;--awb-padding-bottom:40px;--awb-background-color:rgba(63,50,33,0.25);--awb-flex-wrap:wrap;\" ><div class=\"fusion-builder-row fusion-row\"><div class=\"fusion-layout-column fusion_builder_column fusion-builder-column-4 fusion_builder_column_1_1 1_1 fusion-one-full fusion-column-first fusion-column-last\" style=\"--awb-bg-size:cover;\"><div class=\"fusion-column-wrapper fusion-flex-column-wrapper-legacy\"><div class=\"fusion-title title fusion-title-1 fusion-title-text fusion-title-size-two\" style=\"--awb-sep-color:rgba(224,222,222,0);\"><h2 class=\"fusion-title-heading title-heading-left\" style=\"margin:0;\"><strong>Parking<\/strong><\/h2><span class=\"awb-title-spacer\"><\/span><div class=\"title-sep-container\"><div class=\"title-sep sep-double sep-solid\" style=\"border-color:rgba(224,222,222,0);\"><\/div><\/div><\/div><div class=\"fusion-text fusion-text-7\"><p>We recommend parking on <strong>Komensk\u00e9ho, Purky\u0148ova, and Bo\u017eeny N\u011bmcov\u00e9<\/strong> streets. You can also use the parking lots at the <strong>NORMA supermarket<\/strong>, near the <strong>train station<\/strong>, or at <strong>Masarykovo Square<\/strong>. <\/p>\n<p>The distance from parking spots ranges from 1 to 20 minutes. Parking in the town of Protiv\u00edn is <strong>free<\/strong>. <\/p>\n<\/div><div class=\"fusion-clearfix\"><\/div><\/div><\/div><\/div><\/div><div class=\"fusion-fullwidth fullwidth-box fusion-builder-row-4 nonhundred-percent-fullwidth non-hundred-percent-height-scrolling\" style=\"--awb-border-radius-top-left:0px;--awb-border-radius-top-right:0px;--awb-border-radius-bottom-right:0px;--awb-border-radius-bottom-left:0px;--awb-padding-top:60px;--awb-padding-bottom:60px;--awb-flex-wrap:wrap;\" ><div class=\"fusion-builder-row fusion-row\"><div class=\"fusion-layout-column fusion_builder_column fusion-builder-column-5 fusion_builder_column_1_1 1_1 fusion-one-full fusion-column-first fusion-column-last\" style=\"--awb-bg-size:cover;\"><div class=\"fusion-column-wrapper fusion-flex-column-wrapper-legacy\"><div class=\"fusion-text fusion-text-8\"><h2 style=\"color: #253526; margin-bottom: 0px; opacity: 1;\">Contact Form<\/h2>\n<p>Use our contact form for more information. We&#8217;re happy to help you.<\/p>\n<\/div>\n<div class=\"wpcf7 no-js\" id=\"wpcf7-f382-o1\" lang=\"cs-CZ\" dir=\"ltr\">\n<div class=\"screen-reader-response\"><p role=\"status\" aria-live=\"polite\" aria-atomic=\"true\"><\/p> <ul><\/ul><\/div>\n<form action=\"\/en\/wp-json\/wp\/v2\/pages\/3453#wpcf7-f382-o1\" method=\"post\" class=\"wpcf7-form init cf7-style cf7-style-396\" aria-label=\"Kontaktn\u00ed formul\u00e1\u0159\" novalidate=\"novalidate\" data-status=\"init\">\n<div style=\"display: none;\">\n<input type=\"hidden\" name=\"_wpcf7\" value=\"382\" \/>\n<input type=\"hidden\" name=\"_wpcf7_version\" value=\"5.9.8\" \/>\n<input type=\"hidden\" name=\"_wpcf7_locale\" value=\"cs_CZ\" \/>\n<input type=\"hidden\" name=\"_wpcf7_unit_tag\" value=\"wpcf7-f382-o1\" \/>\n<input type=\"hidden\" name=\"_wpcf7_container_post\" value=\"0\" \/>\n<input type=\"hidden\" name=\"_wpcf7_posted_data_hash\" value=\"\" \/>\n<input type=\"hidden\" name=\"_wpcf7_recaptcha_response\" value=\"\" \/>\n<\/div>\n<div class=\"row\">\n\t<div class=\"col-md-6\">\n\t\t<p><span class=\"wpcf7-form-control-wrap\" data-name=\"Jmeno\"><input size=\"40\" maxlength=\"400\" class=\"wpcf7-form-control wpcf7-text\" aria-invalid=\"false\" placeholder=\"Jm\u00e9no a p\u0159\u00edjmen\u00ed\" value=\"\" type=\"text\" name=\"Jmeno\" \/><\/span>\n\t\t<\/p>\n\t<\/div>\n\t<div class=\"col-md-6\">\n\t\t<p><span class=\"wpcf7-form-control-wrap\" data-name=\"email\"><input size=\"40\" maxlength=\"400\" class=\"wpcf7-form-control wpcf7-email wpcf7-text wpcf7-validates-as-email\" aria-invalid=\"false\" placeholder=\"Email\" value=\"\" type=\"email\" name=\"email\" \/><\/span>\n\t\t<\/p>\n\t<\/div>\n<\/div>\n<div class=\"row\">\n\t<div class=\"col-md-6\">\n\t\t<p><span class=\"wpcf7-form-control-wrap\" data-name=\"Telefon\"><input size=\"40\" maxlength=\"400\" class=\"wpcf7-form-control wpcf7-text\" aria-invalid=\"false\" placeholder=\"Telefon\" value=\"\" type=\"text\" name=\"Telefon\" \/><\/span>\n\t\t<\/p>\n\t<\/div>\n\t<div class=\"col-md-6\">\n\t\t<p><span class=\"wpcf7-form-control-wrap\" data-name=\"Adresa\"><input size=\"40\" maxlength=\"400\" class=\"wpcf7-form-control wpcf7-text\" aria-invalid=\"false\" placeholder=\"Adresa\" value=\"\" type=\"text\" name=\"Adresa\" \/><\/span>\n\t\t<\/p>\n\t<\/div>\n<\/div>\n<div class=\"row\">\n\t<div class=\"col-md-12\">\n\t\t<p><span class=\"wpcf7-form-control-wrap\" data-name=\"Zprava\"><textarea cols=\"40\" rows=\"10\" maxlength=\"2000\" class=\"wpcf7-form-control wpcf7-textarea\" aria-invalid=\"false\" placeholder=\"Zpr\u00e1va\" name=\"Zprava\"><\/textarea><\/span>\n\t\t<\/p>\n\t<\/div>\n<\/div>\n<p><input class=\"wpcf7-form-control wpcf7-submit has-spinner\" type=\"submit\" value=\"Odeslat\" \/>\n<\/p>\n<p>Vlo\u017een\u00edm osobn\u00edch \u00fadaj\u016f souhlas\u00edte s <a href=\"\/podminky-ochrany-osobnich-udaju\/\" target=\"_blank\">podm\u00ednkami ochrany osobn\u00edch \u00fadaj\u016f<\/a>\n<\/p><div class=\"fusion-alert alert custom alert-custom fusion-alert-center wpcf7-response-output fusion-alert-capitalize awb-alert-native-link-color alert-dismissable awb-alert-close-boxed\" style=\"--awb-border-size:1px;--awb-border-top-left-radius:0px;--awb-border-top-right-radius:0px;--awb-border-bottom-left-radius:0px;--awb-border-bottom-right-radius:0px;\" role=\"alert\"><div class=\"fusion-alert-content-wrapper\"><span class=\"fusion-alert-content\"><\/span><\/div><button type=\"button\" class=\"close toggle-alert\" data-dismiss=\"alert\" aria-label=\"Zav\u0159\u00edt\">&times;<\/button><\/div>\n<\/form>\n<\/div>\n<div class=\"fusion-clearfix\"><\/div><\/div><\/div><\/div><\/div><\/p>\n","protected":false},"excerpt":{"rendered":"","protected":false},"author":2,"featured_media":0,"parent":0,"menu_order":0,"comment_status":"closed","ping_status":"closed","template":"100-width.php","meta":{"ngg_post_thumbnail":0,"footnotes":""},"class_list":["post-3453","page","type-page","status-publish","hentry"],"yoast_head":"<!-- This site is optimized with the Yoast SEO plugin v23.1 - https:\/\/yoast.com\/wordpress\/plugins\/seo\/ -->\n<title>Contacts - krokodylizoo<\/title>\n<meta name=\"robots\" content=\"index, follow, max-snippet:-1, max-image-preview:large, max-video-preview:-1\" \/>\n<link rel=\"canonical\" href=\"https:\/\/krokodylizoo.cz\/contacts\/\" \/>\n<meta property=\"og:locale\" content=\"en_US\" \/>\n<meta property=\"og:type\" content=\"article\" \/>\n<meta property=\"og:title\" content=\"Contacts - krokodylizoo\" \/>\n<meta property=\"og:url\" content=\"https:\/\/krokodylizoo.cz\/contacts\/\" \/>\n<meta property=\"og:site_name\" content=\"krokodylizoo\" \/>\n<meta name=\"twitter:card\" content=\"summary_large_image\" \/>\n<meta name=\"twitter:label1\" content=\"Est. reading time\" \/>\n\t<meta name=\"twitter:data1\" content=\"8 minutes\" \/>\n<script type=\"application\/ld+json\" class=\"yoast-schema-graph\">{\"@context\":\"https:\/\/schema.org\",\"@graph\":[{\"@type\":\"WebPage\",\"@id\":\"https:\/\/krokodylizoo.cz\/contacts\/\",\"url\":\"https:\/\/krokodylizoo.cz\/contacts\/\",\"name\":\"Contacts - krokodylizoo\",\"isPartOf\":{\"@id\":\"https:\/\/krokodylizoo.cz\/#website\"},\"datePublished\":\"2017-11-28T09:51:31+00:00\",\"dateModified\":\"2017-11-28T09:51:31+00:00\",\"breadcrumb\":{\"@id\":\"https:\/\/krokodylizoo.cz\/contacts\/#breadcrumb\"},\"inLanguage\":\"en-US\",\"potentialAction\":[{\"@type\":\"ReadAction\",\"target\":[\"https:\/\/krokodylizoo.cz\/contacts\/\"]}]},{\"@type\":\"BreadcrumbList\",\"@id\":\"https:\/\/krokodylizoo.cz\/contacts\/#breadcrumb\",\"itemListElement\":[{\"@type\":\"ListItem\",\"position\":1,\"name\":\"Home\",\"item\":\"https:\/\/krokodylizoo.cz\/en\/\"},{\"@type\":\"ListItem\",\"position\":2,\"name\":\"Contacts\"}]},{\"@type\":\"WebSite\",\"@id\":\"https:\/\/krokodylizoo.cz\/#website\",\"url\":\"https:\/\/krokodylizoo.cz\/\",\"name\":\"krokodylizoo\",\"description\":\"unik\u00e1tn\u00ed Zoo ve st\u0159edn\u00ed Europ\u011b\",\"potentialAction\":[{\"@type\":\"SearchAction\",\"target\":{\"@type\":\"EntryPoint\",\"urlTemplate\":\"https:\/\/krokodylizoo.cz\/?s={search_term_string}\"},\"query-input\":\"required name=search_term_string\"}],\"inLanguage\":\"en-US\"}]}<\/script>\n<!-- \/ Yoast SEO plugin. -->","yoast_head_json":{"title":"Contacts - krokodylizoo","robots":{"index":"index","follow":"follow","max-snippet":"max-snippet:-1","max-image-preview":"max-image-preview:large","max-video-preview":"max-video-preview:-1"},"canonical":"https:\/\/krokodylizoo.cz\/contacts\/","og_locale":"en_US","og_type":"article","og_title":"Contacts - krokodylizoo","og_url":"https:\/\/krokodylizoo.cz\/contacts\/","og_site_name":"krokodylizoo","twitter_card":"summary_large_image","twitter_misc":{"Est. reading time":"8 minutes"},"schema":{"@context":"https:\/\/schema.org","@graph":[{"@type":"WebPage","@id":"https:\/\/krokodylizoo.cz\/contacts\/","url":"https:\/\/krokodylizoo.cz\/contacts\/","name":"Contacts - krokodylizoo","isPartOf":{"@id":"https:\/\/krokodylizoo.cz\/#website"},"datePublished":"2017-11-28T09:51:31+00:00","dateModified":"2017-11-28T09:51:31+00:00","breadcrumb":{"@id":"https:\/\/krokodylizoo.cz\/contacts\/#breadcrumb"},"inLanguage":"en-US","potentialAction":[{"@type":"ReadAction","target":["https:\/\/krokodylizoo.cz\/contacts\/"]}]},{"@type":"BreadcrumbList","@id":"https:\/\/krokodylizoo.cz\/contacts\/#breadcrumb","itemListElement":[{"@type":"ListItem","position":1,"name":"Home","item":"https:\/\/krokodylizoo.cz\/en\/"},{"@type":"ListItem","position":2,"name":"Contacts"}]},{"@type":"WebSite","@id":"https:\/\/krokodylizoo.cz\/#website","url":"https:\/\/krokodylizoo.cz\/","name":"krokodylizoo","description":"unik\u00e1tn\u00ed Zoo ve st\u0159edn\u00ed Europ\u011b","potentialAction":[{"@type":"SearchAction","target":{"@type":"EntryPoint","urlTemplate":"https:\/\/krokodylizoo.cz\/?s={search_term_string}"},"query-input":"required name=search_term_string"}],"inLanguage":"en-US"}]}},"_links":{"self":[{"href":"https:\/\/krokodylizoo.cz\/en\/wp-json\/wp\/v2\/pages\/3453"}],"collection":[{"href":"https:\/\/krokodylizoo.cz\/en\/wp-json\/wp\/v2\/pages"}],"about":[{"href":"https:\/\/krokodylizoo.cz\/en\/wp-json\/wp\/v2\/types\/page"}],"author":[{"embeddable":true,"href":"https:\/\/krokodylizoo.cz\/en\/wp-json\/wp\/v2\/users\/2"}],"replies":[{"embeddable":true,"href":"https:\/\/krokodylizoo.cz\/en\/wp-json\/wp\/v2\/comments?post=3453"}],"version-history":[{"count":0,"href":"https:\/\/krokodylizoo.cz\/en\/wp-json\/wp\/v2\/pages\/3453\/revisions"}],"wp:attachment":[{"href":"https:\/\/krokodylizoo.cz\/en\/wp-json\/wp\/v2\/media?parent=3453"}],"curies":[{"name":"wp","href":"https:\/\/api.w.org\/{rel}","templated":true}]}}