{"id":3478,"date":"2017-11-28T12:52:36","date_gmt":"2017-11-28T11:52:36","guid":{"rendered":"https:\/\/krokodylizoo.cz\/about-zoo\/"},"modified":"2025-10-13T11:49:47","modified_gmt":"2025-10-13T09:49:47","slug":"about-zoo","status":"publish","type":"page","link":"https:\/\/krokodylizoo.cz\/en\/about-zoo\/","title":{"rendered":"ABOUT ZOO"},"content":{"rendered":"<p><div class=\"fusion-fullwidth fullwidth-box fusion-builder-row-1 cernus nonhundred-percent-fullwidth non-hundred-percent-height-scrolling\" style=\"--awb-border-radius-top-left:0px;--awb-border-radius-top-right:0px;--awb-border-radius-bottom-right:0px;--awb-border-radius-bottom-left:0px;--awb-flex-wrap:wrap;\" ><div class=\"fusion-builder-row fusion-row\"><div class=\"fusion-layout-column fusion_builder_column fusion-builder-column-0 fusion_builder_column_1_1 1_1 fusion-one-full fusion-column-first fusion-column-last\" style=\"--awb-bg-size:cover;\"><div class=\"fusion-column-wrapper fusion-flex-column-wrapper-legacy\"><div class=\"fusion-title title fusion-title-1 fusion-title-text fusion-title-size-two\" style=\"--awb-margin-bottom:10px;--awb-sep-color:rgba(224,222,222,0);\"><h2 class=\"fusion-title-heading title-heading-left\" style=\"margin:0;\">History of ZOO<\/h2><span class=\"awb-title-spacer\"><\/span><div class=\"title-sep-container\"><div class=\"title-sep sep-double sep-solid\" style=\"border-color:rgba(224,222,222,0);\"><\/div><\/div><\/div><div class=\"fusion-clearfix\"><\/div><\/div><\/div><div class=\"fusion-layout-column fusion_builder_column fusion-builder-column-1 fusion_builder_column_1_2 1_2 fusion-one-half fusion-column-first\" style=\"--awb-bg-size:cover;width:50%;width:calc(50% - ( ( 4% ) * 0.5 ) );margin-right: 4%;\"><div class=\"fusion-column-wrapper fusion-flex-column-wrapper-legacy\"><div class=\"fusion-text fusion-text-1\"><p>The Protiv\u00edn Crocodile Zoo was established on the basis of the private breeding program of the zoo&#8217;s&nbsp;operator, Miroslav Proch\u00e1zka. He became interested in crocodiles at a young age at the Young Naturalists&#8217; Station in P\u00edsek, where he acquired basic knowledge of crocodile breeding. He has been breeding them privately since 1996, but he began building a comprehensive collection of crocodile species in 2000. He has been successfully breeding crocodiles since 2005. <\/p>\n<\/div><div class=\"fusion-clearfix\"><\/div><\/div><\/div><div class=\"fusion-layout-column fusion_builder_column fusion-builder-column-2 fusion_builder_column_1_2 1_2 fusion-one-half fusion-column-last\" style=\"--awb-bg-size:cover;width:50%;width:calc(50% - ( ( 4% ) * 0.5 ) );\"><div class=\"fusion-column-wrapper fusion-flex-column-wrapper-legacy\"><div class=\"fusion-text fusion-text-2\"><p>In the first half of the 20th century, as part of land reform, the property was transferred to a private owner who ran a carpentry workshop there, while other parts of the building were used as warehouses. The property was purchased from the direct descendants of this owner by the founder of the zoo in 2005. <\/p>\n<\/div><div class=\"fusion-clearfix\"><\/div><\/div><\/div><div class=\"fusion-layout-column fusion_builder_column fusion-builder-column-3 fusion_builder_column_1_2 1_2 fusion-one-half fusion-column-first\" style=\"--awb-bg-size:cover;width:50%;width:calc(50% - ( ( 4% ) * 0.5 ) );margin-right: 4%;\"><div class=\"fusion-column-wrapper fusion-flex-column-wrapper-legacy\"><div class=\"fusion-text fusion-text-3\"><p>The exhibition part of the zoo itself is being built in Protiv\u00edn in a historic farm building dating back to the late 18th century. In the 19th century, it served as a stable for horses, a coach house, and a service apartment for coachmen, and belonged to the grounds of Protiv\u00edn Castle, which was owned by the Schwarzenberg family. <\/p>\n<\/div><div class=\"fusion-text fusion-text-4\"><p>The original breeding took place on his farm in Chval\u0161iny, and since 2005, an exhibition area has been under construction at the zoo in Protiv\u00edn. The farm in Chval\u0161iny has been preserved and serves as a breeding and supply farm for the zoo. Miroslav Proch\u00e1zka applied for a zoo license from the Czech Ministry of the Environment in accordance with Act No. 162\/2003 Coll. in January 2008, and the license was granted in May. <\/p>\n<\/div><div class=\"fusion-clearfix\"><\/div><\/div><\/div><div class=\"fusion-layout-column fusion_builder_column fusion-builder-column-4 fusion_builder_column_1_2 1_2 fusion-one-half fusion-column-last\" style=\"--awb-bg-size:cover;width:50%;width:calc(50% - ( ( 4% ) * 0.5 ) );\"><div class=\"fusion-column-wrapper fusion-flex-column-wrapper-legacy\"><div class=\"fusion-image-element in-legacy-container\" style=\"--awb-caption-title-font-family:var(--h2_typography-font-family);--awb-caption-title-font-weight:var(--h2_typography-font-weight);--awb-caption-title-font-style:var(--h2_typography-font-style);--awb-caption-title-size:var(--h2_typography-font-size);--awb-caption-title-transform:var(--h2_typography-text-transform);--awb-caption-title-line-height:var(--h2_typography-line-height);--awb-caption-title-letter-spacing:var(--h2_typography-letter-spacing);\"><span class=\" fusion-imageframe imageframe-none imageframe-1 hover-type-none\"><img decoding=\"async\" width=\"480\" height=\"250\" title=\"history\" src=\"http:\/\/krokodylizoo.cz\/wp-content\/uploads\/2017\/11\/history.jpg\" alt class=\"img-responsive wp-image-3238\" srcset=\"https:\/\/krokodylizoo.cz\/wp-content\/uploads\/2017\/11\/history-200x104.jpg 200w, https:\/\/krokodylizoo.cz\/wp-content\/uploads\/2017\/11\/history-400x208.jpg 400w, https:\/\/krokodylizoo.cz\/wp-content\/uploads\/2017\/11\/history.jpg 480w\" sizes=\"(max-width: 800px) 100vw, 480px\" \/><\/span><\/div><div class=\"fusion-clearfix\"><\/div><\/div><\/div><\/div><\/div><div class=\"fusion-fullwidth fullwidth-box fusion-builder-row-2 cernus nonhundred-percent-fullwidth non-hundred-percent-height-scrolling\" style=\"--awb-border-radius-top-left:0px;--awb-border-radius-top-right:0px;--awb-border-radius-bottom-right:0px;--awb-border-radius-bottom-left:0px;--awb-padding-top:50px;--awb-background-color:rgba(63,50,33,0.25);--awb-flex-wrap:wrap;\" ><div class=\"fusion-builder-row fusion-row\"><div class=\"fusion-layout-column fusion_builder_column fusion-builder-column-5 fusion_builder_column_1_1 1_1 fusion-one-full fusion-column-first fusion-column-last\" style=\"--awb-bg-size:cover;\"><div class=\"fusion-column-wrapper fusion-flex-column-wrapper-legacy\"><div class=\"fusion-title title fusion-title-2 fusion-title-text fusion-title-size-two\" style=\"--awb-margin-bottom:10px;--awb-sep-color:rgba(224,222,222,0);\"><h2 class=\"fusion-title-heading title-heading-left\" style=\"margin:0;\">Project<\/h2><span class=\"awb-title-spacer\"><\/span><div class=\"title-sep-container\"><div class=\"title-sep sep-double sep-solid\" style=\"border-color:rgba(224,222,222,0);\"><\/div><\/div><\/div><div class=\"fusion-clearfix\"><\/div><\/div><\/div><div class=\"fusion-layout-column fusion_builder_column fusion-builder-column-6 fusion_builder_column_1_2 1_2 fusion-one-half fusion-column-first\" style=\"--awb-bg-size:cover;width:50%;width:calc(50% - ( ( 4% ) * 0.5 ) );margin-right: 4%;\"><div class=\"fusion-column-wrapper fusion-flex-column-wrapper-legacy\"><div class=\"fusion-text fusion-text-5\"><p>The zoo was built in a strictly ecological style. Its sole purpose is not only to breed, reproduce, and exhibit crocodiles, but also to use and promote ecological technologies. That is why the first thing to be built in the zoo was an energy unit consisting of three heat pumps with a total thermal output of almost 100 kW. This value corresponds to the thermal resistance of the building, so it sufficiently supplies heat to almost 2,000&nbsp;m\u00b2 of floor space for crocodile enclosures. The heat pumps draw heat from eight 120&nbsp;m deep boreholes that were drilled on land adjacent to the zoo. The entire construction of the zoo was divided into several stages. <\/p>\n<\/div><div class=\"fusion-clearfix\"><\/div><\/div><\/div><div class=\"fusion-layout-column fusion_builder_column fusion-builder-column-7 fusion_builder_column_1_2 1_2 fusion-one-half fusion-column-last\" style=\"--awb-bg-size:cover;width:50%;width:calc(50% - ( ( 4% ) * 0.5 ) );\"><div class=\"fusion-column-wrapper fusion-flex-column-wrapper-legacy\"><div class=\"fusion-text fusion-text-6\"><p>The first stage ran from 2005 to early 2008 and involved the construction of the above-mentioned energy unit, i.e., a system of boreholes and heat pumps, administrative facilities, and the first eleven terrariums for medium-sized crocodiles. In June 2008, this first part of the zoo was opened to the public, with a total of 18 species of alligators, caimans, crocodiles, and gavials housed in the terrariums at that time. <\/p>\n<\/div><div class=\"fusion-clearfix\"><\/div><\/div><\/div><div class=\"fusion-layout-column fusion_builder_column fusion-builder-column-8 fusion_builder_column_1_1 1_1 fusion-one-full fusion-column-first fusion-column-last\" style=\"--awb-bg-size:cover;\"><div class=\"fusion-column-wrapper fusion-flex-column-wrapper-legacy\"><div class=\"fusion-text fusion-text-7\"><p>Further stages of the zoo&#8217;s&nbsp;construction took place in the following period, with the most intensive changes occurring in 2011 and 2012, when the zoo&#8217;s&nbsp;reconstruction project was supported by the EU ROP-Southwest fund and large terrariums for breeding giant crocodile species were built. When these areas, referred to as the second and third stages, were opened on June 27, 2012, the zoo already kept twenty-two species of crocodiles, including a large group of Indian gavials. From a technical point of view, it is interesting that the largest terrarium \u2013 approx. 110&nbsp;m\u00b2 \u2013 is built on the first floor and, like all terrariums for large crocodile species, has a 1&nbsp;m deep pool. Gharials are kept in this terrarium. The zoo has taken on a distinctly breeding character. In 2013, rare Philippine crocodiles began to reproduce at the zoo, and the zoo gradually became a member of rescue programs run by the EAZA (European Association of Zoos and Aquaria) for five critically endangered crocodile species. <\/p>\n<\/div><div class=\"fusion-clearfix\"><\/div><\/div><\/div><div class=\"fusion-layout-column fusion_builder_column fusion-builder-column-9 fusion_builder_column_1_2 1_2 fusion-one-half fusion-column-first\" style=\"--awb-bg-size:cover;width:50%;width:calc(50% - ( ( 4% ) * 0.5 ) );margin-right: 4%;\"><div class=\"fusion-column-wrapper fusion-flex-column-wrapper-legacy\"><div class=\"fusion-text fusion-text-8\"><p>The last, fourth stage of the zoo building&#8217;s&nbsp;reconstruction took place in 2015. It involved the reconstruction and modernization of the original part of the zoo, which had become somewhat outdated since 2008. This stage of the zoo&#8217;s&nbsp;construction was again supported financially by a grant from the EU ROP-Southwest fund.<\/p>\n<\/div><div class=\"fusion-clearfix\"><\/div><\/div><\/div><div class=\"fusion-layout-column fusion_builder_column fusion-builder-column-10 fusion_builder_column_1_2 1_2 fusion-one-half fusion-column-last\" style=\"--awb-bg-size:cover;width:50%;width:calc(50% - ( ( 4% ) * 0.5 ) );\"><div class=\"fusion-column-wrapper fusion-flex-column-wrapper-legacy\"><div class=\"fusion-text fusion-text-9\"><p>With the opening of the modernized part of the zoo on June 30, 2015, the crocodile zoo took on its final form. Thanks to support from the EU ROP \u2013 Southwest fund, it has become a popular tourist destination while also fulfilling its conservation, breeding, and educational functions.<\/p>\n<\/div><div class=\"fusion-clearfix\"><\/div><\/div><\/div><\/div><\/div><div class=\"fusion-fullwidth fullwidth-box fusion-builder-row-3 bilus nonhundred-percent-fullwidth non-hundred-percent-height-scrolling\" style=\"--awb-border-radius-top-left:0px;--awb-border-radius-top-right:0px;--awb-border-radius-bottom-right:0px;--awb-border-radius-bottom-left:0px;--awb-padding-top:50px;--awb-background-color:rgba(63,50,33,0.5);--awb-flex-wrap:wrap;\" ><div class=\"fusion-builder-row fusion-row\"><div class=\"fusion-layout-column fusion_builder_column fusion-builder-column-11 fusion_builder_column_1_1 1_1 fusion-one-full fusion-column-first fusion-column-last\" style=\"--awb-bg-size:cover;\"><div class=\"fusion-column-wrapper fusion-flex-column-wrapper-legacy\"><div class=\"fusion-title title fusion-title-3 fusion-title-text fusion-title-size-two\" style=\"--awb-margin-bottom:10px;--awb-sep-color:rgba(224,222,222,0);\"><h2 class=\"fusion-title-heading title-heading-left\" style=\"margin:0;\">Breeding and exhibition plan<\/h2><span class=\"awb-title-spacer\"><\/span><div class=\"title-sep-container\"><div class=\"title-sep sep-double sep-solid\" style=\"border-color:rgba(224,222,222,0);\"><\/div><\/div><\/div><div class=\"fusion-clearfix\"><\/div><\/div><\/div><div class=\"fusion-layout-column fusion_builder_column fusion-builder-column-12 fusion_builder_column_1_2 1_2 fusion-one-half fusion-column-first\" style=\"--awb-bg-size:cover;width:50%;width:calc(50% - ( ( 4% ) * 0.5 ) );margin-right: 4%;\"><div class=\"fusion-column-wrapper fusion-flex-column-wrapper-legacy\"><div class=\"fusion-text fusion-text-10\"><p>The exhibition aims to display all 25 recent crocodile species in their final form. This aim is complemented by the construction of a zoological museum, where osteological and, to a lesser extent, dermoplastic preparations of not only crocodiles but also other representatives of the animal kingdom are exhibited. In terms of breeding, emphasis is placed on establishing breeding groups of endangered and critically endangered crocodile species, not only in the exhibition itself, but also on the farm, so that these animals have optimal conditions for reproduction.<\/p>\n<\/div><div class=\"fusion-clearfix\"><\/div><\/div><\/div><div class=\"fusion-layout-column fusion_builder_column fusion-builder-column-13 fusion_builder_column_1_2 1_2 fusion-one-half fusion-column-last\" style=\"--awb-bg-size:cover;width:50%;width:calc(50% - ( ( 4% ) * 0.5 ) );\"><div class=\"fusion-column-wrapper fusion-flex-column-wrapper-legacy\"><div class=\"fusion-image-element in-legacy-container\" style=\"--awb-caption-title-font-family:var(--h2_typography-font-family);--awb-caption-title-font-weight:var(--h2_typography-font-weight);--awb-caption-title-font-style:var(--h2_typography-font-style);--awb-caption-title-size:var(--h2_typography-font-size);--awb-caption-title-transform:var(--h2_typography-text-transform);--awb-caption-title-line-height:var(--h2_typography-line-height);--awb-caption-title-letter-spacing:var(--h2_typography-letter-spacing);\"><span class=\" fusion-imageframe imageframe-none imageframe-2 hover-type-none\"><img decoding=\"async\" width=\"480\" height=\"250\" title=\"chovatelstvi\" src=\"http:\/\/krokodylizoo.cz\/wp-content\/uploads\/2017\/11\/chovatelstvi.jpg\" alt class=\"img-responsive wp-image-3239\" srcset=\"https:\/\/krokodylizoo.cz\/wp-content\/uploads\/2017\/11\/chovatelstvi-200x104.jpg 200w, https:\/\/krokodylizoo.cz\/wp-content\/uploads\/2017\/11\/chovatelstvi-400x208.jpg 400w, https:\/\/krokodylizoo.cz\/wp-content\/uploads\/2017\/11\/chovatelstvi.jpg 480w\" sizes=\"(max-width: 800px) 100vw, 480px\" \/><\/span><\/div><div class=\"fusion-sep-clear\"><\/div><div class=\"fusion-separator fusion-full-width-sep\" style=\"margin-left: auto;margin-right: auto;margin-bottom:15px;width:100%;\"><\/div><div class=\"fusion-sep-clear\"><\/div><div class=\"fusion-clearfix\"><\/div><\/div><\/div><div class=\"fusion-layout-column fusion_builder_column fusion-builder-column-14 fusion_builder_column_1_2 1_2 fusion-one-half fusion-column-first\" style=\"--awb-bg-size:cover;width:50%;width:calc(50% - ( ( 4% ) * 0.5 ) );margin-right: 4%;\"><div class=\"fusion-column-wrapper fusion-flex-column-wrapper-legacy\"><div class=\"fusion-text fusion-text-11\"><p>Currently, these groups have been created for six (Alligator sinensis, Crocodylus siamensis, Crocodylus rhombifer, Crocodylus mindorensis, Tomistoma schlegelii, and Gavialis gangeticus) of the seven endangered and critically endangered species, with four (C. rhombifer, C. siamensis, C. mindorensis, Gavialis gangeticus) are already breeding regularly. The Sunda gharials (syn. Tomistoma schlegelii) have already laid eggs during breeding at our zoo, but unfortunately, they were not successfully incubated. Perfecting the incubation technique for this rare species is a challenge for the zoo in the future.<\/p>\n<p>The Protiv\u00edn Crocodile Zoo has bred the following species of crocodiles: Cuban crocodile (C. rhombifer), Siamese crocodile (C. siamensis), Nile crocodile (C. niloticus), spectacled caiman (Caiman crocodilus), Philippine crocodile (C. mindorensis), Morelet&#8217;s&nbsp;crocodile (C. moreletii), Indian gharial (Gavialis gangeticus), and saltwater crocodile (Crocodylus porosus).<\/p>\n<\/div><div class=\"fusion-clearfix\"><\/div><\/div><\/div><div class=\"fusion-layout-column fusion_builder_column fusion-builder-column-15 fusion_builder_column_1_2 1_2 fusion-one-half fusion-column-last\" style=\"--awb-bg-size:cover;width:50%;width:calc(50% - ( ( 4% ) * 0.5 ) );\"><div class=\"fusion-column-wrapper fusion-flex-column-wrapper-legacy\"><div class=\"fusion-text fusion-text-12\"><p>When endangered species are successfully bred, the question arises of how to deal with the offspring so that breeding is not just a fulfillment of the breeders&#8217; wishes and ideals, but becomes a practical aid to species conservation. To this end, the zoo has become a member of European conservation programs, specifically the European Association of Zoos and Aquaria (EAZA) studbooks for five species of crocodiles, and the offspring find their next home within these programs. <\/p>\n<\/div><div class=\"fusion-clearfix\"><\/div><\/div><\/div><\/div><\/div><\/p>\n","protected":false},"excerpt":{"rendered":"","protected":false},"author":2,"featured_media":0,"parent":0,"menu_order":0,"comment_status":"closed","ping_status":"closed","template":"100-width.php","meta":{"ngg_post_thumbnail":0,"footnotes":""},"class_list":["post-3478","page","type-page","status-publish","hentry"],"yoast_head":"<!-- This site is optimized with the Yoast SEO plugin v23.1 - https:\/\/yoast.com\/wordpress\/plugins\/seo\/ -->\n<title>ABOUT ZOO - krokodylizoo<\/title>\n<meta name=\"robots\" content=\"index, follow, max-snippet:-1, max-image-preview:large, max-video-preview:-1\" \/>\n<link rel=\"canonical\" href=\"https:\/\/krokodylizoo.cz\/en\/about-zoo\/\" \/>\n<meta property=\"og:locale\" content=\"en_US\" \/>\n<meta property=\"og:type\" content=\"article\" \/>\n<meta property=\"og:title\" content=\"ABOUT ZOO - krokodylizoo\" \/>\n<meta property=\"og:url\" content=\"https:\/\/krokodylizoo.cz\/en\/about-zoo\/\" \/>\n<meta property=\"og:site_name\" content=\"krokodylizoo\" \/>\n<meta property=\"article:modified_time\" content=\"2025-10-13T09:49:47+00:00\" \/>\n<meta name=\"twitter:card\" content=\"summary_large_image\" \/>\n<script type=\"application\/ld+json\" class=\"yoast-schema-graph\">{\"@context\":\"https:\/\/schema.org\",\"@graph\":[{\"@type\":\"WebPage\",\"@id\":\"https:\/\/krokodylizoo.cz\/en\/about-zoo\/\",\"url\":\"https:\/\/krokodylizoo.cz\/en\/about-zoo\/\",\"name\":\"ABOUT ZOO - krokodylizoo\",\"isPartOf\":{\"@id\":\"https:\/\/krokodylizoo.cz\/#website\"},\"datePublished\":\"2017-11-28T11:52:36+00:00\",\"dateModified\":\"2025-10-13T09:49:47+00:00\",\"breadcrumb\":{\"@id\":\"https:\/\/krokodylizoo.cz\/en\/about-zoo\/#breadcrumb\"},\"inLanguage\":\"en-US\",\"potentialAction\":[{\"@type\":\"ReadAction\",\"target\":[\"https:\/\/krokodylizoo.cz\/en\/about-zoo\/\"]}]},{\"@type\":\"BreadcrumbList\",\"@id\":\"https:\/\/krokodylizoo.cz\/en\/about-zoo\/#breadcrumb\",\"itemListElement\":[{\"@type\":\"ListItem\",\"position\":1,\"name\":\"Home\",\"item\":\"https:\/\/krokodylizoo.cz\/en\/\"},{\"@type\":\"ListItem\",\"position\":2,\"name\":\"ABOUT ZOO\"}]},{\"@type\":\"WebSite\",\"@id\":\"https:\/\/krokodylizoo.cz\/#website\",\"url\":\"https:\/\/krokodylizoo.cz\/\",\"name\":\"krokodylizoo\",\"description\":\"unik\u00e1tn\u00ed Zoo ve st\u0159edn\u00ed Europ\u011b\",\"potentialAction\":[{\"@type\":\"SearchAction\",\"target\":{\"@type\":\"EntryPoint\",\"urlTemplate\":\"https:\/\/krokodylizoo.cz\/?s={search_term_string}\"},\"query-input\":\"required name=search_term_string\"}],\"inLanguage\":\"en-US\"}]}<\/script>\n<!-- \/ Yoast SEO plugin. -->","yoast_head_json":{"title":"ABOUT ZOO - krokodylizoo","robots":{"index":"index","follow":"follow","max-snippet":"max-snippet:-1","max-image-preview":"max-image-preview:large","max-video-preview":"max-video-preview:-1"},"canonical":"https:\/\/krokodylizoo.cz\/en\/about-zoo\/","og_locale":"en_US","og_type":"article","og_title":"ABOUT ZOO - krokodylizoo","og_url":"https:\/\/krokodylizoo.cz\/en\/about-zoo\/","og_site_name":"krokodylizoo","article_modified_time":"2025-10-13T09:49:47+00:00","twitter_card":"summary_large_image","schema":{"@context":"https:\/\/schema.org","@graph":[{"@type":"WebPage","@id":"https:\/\/krokodylizoo.cz\/en\/about-zoo\/","url":"https:\/\/krokodylizoo.cz\/en\/about-zoo\/","name":"ABOUT ZOO - krokodylizoo","isPartOf":{"@id":"https:\/\/krokodylizoo.cz\/#website"},"datePublished":"2017-11-28T11:52:36+00:00","dateModified":"2025-10-13T09:49:47+00:00","breadcrumb":{"@id":"https:\/\/krokodylizoo.cz\/en\/about-zoo\/#breadcrumb"},"inLanguage":"en-US","potentialAction":[{"@type":"ReadAction","target":["https:\/\/krokodylizoo.cz\/en\/about-zoo\/"]}]},{"@type":"BreadcrumbList","@id":"https:\/\/krokodylizoo.cz\/en\/about-zoo\/#breadcrumb","itemListElement":[{"@type":"ListItem","position":1,"name":"Home","item":"https:\/\/krokodylizoo.cz\/en\/"},{"@type":"ListItem","position":2,"name":"ABOUT ZOO"}]},{"@type":"WebSite","@id":"https:\/\/krokodylizoo.cz\/#website","url":"https:\/\/krokodylizoo.cz\/","name":"krokodylizoo","description":"unik\u00e1tn\u00ed Zoo ve st\u0159edn\u00ed Europ\u011b","potentialAction":[{"@type":"SearchAction","target":{"@type":"EntryPoint","urlTemplate":"https:\/\/krokodylizoo.cz\/?s={search_term_string}"},"query-input":"required name=search_term_string"}],"inLanguage":"en-US"}]}},"_links":{"self":[{"href":"https:\/\/krokodylizoo.cz\/en\/wp-json\/wp\/v2\/pages\/3478"}],"collection":[{"href":"https:\/\/krokodylizoo.cz\/en\/wp-json\/wp\/v2\/pages"}],"about":[{"href":"https:\/\/krokodylizoo.cz\/en\/wp-json\/wp\/v2\/types\/page"}],"author":[{"embeddable":true,"href":"https:\/\/krokodylizoo.cz\/en\/wp-json\/wp\/v2\/users\/2"}],"replies":[{"embeddable":true,"href":"https:\/\/krokodylizoo.cz\/en\/wp-json\/wp\/v2\/comments?post=3478"}],"version-history":[{"count":1,"href":"https:\/\/krokodylizoo.cz\/en\/wp-json\/wp\/v2\/pages\/3478\/revisions"}],"predecessor-version":[{"id":3480,"href":"https:\/\/krokodylizoo.cz\/en\/wp-json\/wp\/v2\/pages\/3478\/revisions\/3480"}],"wp:attachment":[{"href":"https:\/\/krokodylizoo.cz\/en\/wp-json\/wp\/v2\/media?parent=3478"}],"curies":[{"name":"wp","href":"https:\/\/api.w.org\/{rel}","templated":true}]}}